{"id":380,"date":"2019-01-30T17:17:23","date_gmt":"2019-01-30T15:17:23","guid":{"rendered":"http:\/\/arzon.se\/home\/"},"modified":"2025-05-09T14:16:19","modified_gmt":"2025-05-09T12:16:19","slug":"home","status":"publish","type":"page","link":"https:\/\/dev.idealis.nu\/tw23c\/","title":{"rendered":"Hem"},"content":{"rendered":"\n<div class=\"wp-block-cover alignfull wp-duotone-unset-1\" style=\"margin-top:0;padding-right:5vw;padding-left:5vw;min-height:504px;aspect-ratio:unset;\"><img loading=\"lazy\" decoding=\"async\" width=\"1024\" height=\"578\" class=\"wp-block-cover__image-background wp-image-1540 size-large\" alt=\"\" src=\"https:\/\/dev.idealis.nu\/tw23c\/wp-content\/uploads\/2025\/05\/extraction-2781679_1280-1024x578.jpg\" data-object-fit=\"cover\" srcset=\"https:\/\/dev.idealis.nu\/tw23c\/wp-content\/uploads\/2025\/05\/extraction-2781679_1280-1024x578.jpg 1024w, https:\/\/dev.idealis.nu\/tw23c\/wp-content\/uploads\/2025\/05\/extraction-2781679_1280-300x169.jpg 300w, https:\/\/dev.idealis.nu\/tw23c\/wp-content\/uploads\/2025\/05\/extraction-2781679_1280-768x433.jpg 768w, https:\/\/dev.idealis.nu\/tw23c\/wp-content\/uploads\/2025\/05\/extraction-2781679_1280.jpg 1280w\" sizes=\"auto, (max-width: 1024px) 100vw, 1024px\" \/><span aria-hidden=\"true\" class=\"wp-block-cover__background has-black-background-color has-background-dim-30 has-background-dim\"><\/span><div class=\"wp-block-cover__inner-container is-layout-flow wp-container-core-cover-is-layout-ac1f00e9 wp-block-cover-is-layout-flow\">\n<div class=\"wp-block-group is-vertical is-layout-flex wp-container-core-group-is-layout-8ffdb808 wp-block-group-is-layout-flex\" style=\"padding-right:0;padding-left:0\">\n<h2 class=\"wp-block-heading has-text-align-left has-white-color has-text-color wp-container-content-9cfa9a5a\" id=\"rubrik-omslagsbild\" style=\"font-size:clamp(1.976rem, 1.976rem + ((1vw - 0.2rem) * 2.771), 3.5rem);font-style:normal;font-weight:700;letter-spacing:0px;line-height:1;text-transform:none\">F\u00f6retaget AB<\/h2>\n\n\n\n<hr class=\"wp-block-separator has-text-color has-alpha-channel-opacity has-background\" style=\"margin-top:0;margin-bottom:0;background-color:#00a7d1;color:#00a7d1\"\/>\n\n\n\n<div class=\"wp-block-buttons is-content-justification-left is-nowrap is-layout-flex wp-container-core-buttons-is-layout-92e17da2 wp-block-buttons-is-layout-flex\">\n<div class=\"wp-block-button is-style-fill\" id=\"img_top_10\"><a class=\"wp-block-button__link has-white-color has-text-color has-background has-custom-font-size wp-element-button\" href=\"https:\/\/dev.idealis.nu\/tw23c\/om-oss\/\" style=\"border-radius:43px;background-color:#00a7d1;padding-top:9px;padding-right:28px;padding-bottom:9px;padding-left:28px;font-size:clamp(14px, 0.875rem + ((1vw - 3.2px) * 0.455), 18px);letter-spacing:0px;text-transform:none\">L\u00e4s mer <img loading=\"lazy\" decoding=\"async\" width=\"128\" height=\"128\" class=\"wp-image-1450\" style=\"width: 15px; vertical-align: middle;\" src=\"https:\/\/dev.idealis.nu\/tw23c\/wp-content\/uploads\/2024\/07\/9104232_right_arrow_direction_icon_iconfinder-v2.png\" alt=\"\"><\/a><\/div>\n<\/div>\n<\/div>\n<\/div><\/div>\n\n\n\n<div style=\"height:23px\" aria-hidden=\"true\" class=\"wp-block-spacer\"><\/div>\n\n\n\n<div style=\"height:24px\" aria-hidden=\"true\" class=\"wp-block-spacer\"><\/div>\n\n\n\n<h2 class=\"wp-block-heading has-text-align-center\" style=\"font-size:clamp(26.465px, 1.654rem + ((1vw - 3.2px) * 2.106), 45px);font-style:normal;font-weight:300;letter-spacing:3px\">Tj\u00e4nster<\/h2>\n\n\n\n<hr class=\"wp-block-separator has-alpha-channel-opacity\" style=\"margin-top:19px;margin-bottom:0\"\/>\n\n\n\n<div class=\"wp-block-group has-global-padding is-layout-constrained wp-block-group-is-layout-constrained\" style=\"margin-top:0;margin-bottom:0\">\n<div class=\"wp-block-columns has-small-font-size is-layout-flex wp-container-core-columns-is-layout-5e121b81 wp-block-columns-is-layout-flex\" style=\"margin-top:0;margin-bottom:0;padding-top:var(--wp--preset--spacing--30);padding-right:0;padding-bottom:var(--wp--preset--spacing--30);padding-left:0\">\n<div class=\"wp-block-column is-layout-flow wp-block-column-is-layout-flow\" style=\"flex-basis:33.33%\">\n<div class=\"wp-block-group hover-border has-global-padding is-layout-constrained wp-block-group-is-layout-constrained\">\n<figure class=\"wp-block-image aligncenter size-full is-resized is-style-rounded\"><a href=\"https:\/\/dev.idealis.nu\/tw23c\/tjanster\/tjanst1\/\"><img loading=\"lazy\" decoding=\"async\" width=\"640\" height=\"427\" src=\"https:\/\/dev.idealis.nu\/tw23c\/wp-content\/uploads\/2025\/05\/excavator-2436217_640.jpg\" alt=\"\" class=\"wp-image-1532\" style=\"width:261px;height:auto\" srcset=\"https:\/\/dev.idealis.nu\/tw23c\/wp-content\/uploads\/2025\/05\/excavator-2436217_640.jpg 640w, https:\/\/dev.idealis.nu\/tw23c\/wp-content\/uploads\/2025\/05\/excavator-2436217_640-300x200.jpg 300w\" sizes=\"auto, (max-width: 640px) 100vw, 640px\" \/><\/a><\/figure>\n\n\n\n<h2 class=\"wp-block-heading has-text-align-center\" style=\"font-size:clamp(1.146rem, 1.146rem + ((1vw - 0.2rem) * 1.189), 1.8rem);\">Tj\u00e4nst 1<\/h2>\n\n\n\n<hr class=\"wp-block-separator has-alpha-channel-opacity is-style-default\"\/>\n\n\n\n<p class=\"has-text-align-center\">Beskrivning av tj\u00e4nst 1, med dess olika egenskaper och f\u00f6rdelar.<\/p>\n<\/div>\n<\/div>\n\n\n\n<div class=\"wp-block-column is-layout-flow wp-block-column-is-layout-flow\" style=\"flex-basis:33.33%\">\n<div class=\"wp-block-group has-global-padding is-layout-constrained wp-block-group-is-layout-constrained\">\n<figure class=\"wp-block-image aligncenter size-full is-resized is-style-rounded\"><a href=\"https:\/\/dev.idealis.nu\/tw23c\/tjanster\/tjanst2\/\"><img loading=\"lazy\" decoding=\"async\" width=\"640\" height=\"427\" src=\"https:\/\/dev.idealis.nu\/tw23c\/wp-content\/uploads\/2025\/05\/road-roller-6564386_640.jpg\" alt=\"\" class=\"wp-image-1536\" style=\"width:261px;height:auto\" srcset=\"https:\/\/dev.idealis.nu\/tw23c\/wp-content\/uploads\/2025\/05\/road-roller-6564386_640.jpg 640w, https:\/\/dev.idealis.nu\/tw23c\/wp-content\/uploads\/2025\/05\/road-roller-6564386_640-300x200.jpg 300w\" sizes=\"auto, (max-width: 640px) 100vw, 640px\" \/><\/a><\/figure>\n\n\n\n<h2 class=\"wp-block-heading has-text-align-center\" style=\"font-size:clamp(1.146rem, 1.146rem + ((1vw - 0.2rem) * 1.189), 1.8rem);\">Tj\u00e4nst 2<\/h2>\n\n\n\n<hr class=\"wp-block-separator has-alpha-channel-opacity is-style-default\"\/>\n\n\n\n<p class=\"has-text-align-center\">Beskrivning av tj\u00e4nst 2, med dess olika egenskaper och f\u00f6rdelar.<\/p>\n<\/div>\n<\/div>\n\n\n\n<div class=\"wp-block-column is-layout-flow wp-block-column-is-layout-flow\" style=\"flex-basis:33.33%\">\n<div class=\"wp-block-group has-global-padding is-layout-constrained wp-block-group-is-layout-constrained\">\n<figure class=\"wp-block-image aligncenter size-full is-resized is-style-rounded\"><a href=\"https:\/\/dev.idealis.nu\/tw23c\/tjanst3\/\"><img loading=\"lazy\" decoding=\"async\" width=\"640\" height=\"427\" src=\"https:\/\/dev.idealis.nu\/tw23c\/wp-content\/uploads\/2025\/05\/bulldozer-2195329_640.jpg\" alt=\"\" class=\"wp-image-1535\" style=\"width:261px;height:auto\" srcset=\"https:\/\/dev.idealis.nu\/tw23c\/wp-content\/uploads\/2025\/05\/bulldozer-2195329_640.jpg 640w, https:\/\/dev.idealis.nu\/tw23c\/wp-content\/uploads\/2025\/05\/bulldozer-2195329_640-300x200.jpg 300w\" sizes=\"auto, (max-width: 640px) 100vw, 640px\" \/><\/a><\/figure>\n\n\n\n<h2 class=\"wp-block-heading has-text-align-center\" style=\"font-size:clamp(1.146rem, 1.146rem + ((1vw - 0.2rem) * 1.189), 1.8rem);\">Tj\u00e4nst 3<\/h2>\n\n\n\n<hr class=\"wp-block-separator has-alpha-channel-opacity is-style-default\"\/>\n\n\n\n<p class=\"has-text-align-center\">Beskrivning av tj\u00e4nst 3, med dess olika egenskaper och f\u00f6rdelar.<\/p>\n<\/div>\n<\/div>\n<\/div>\n<\/div>\n\n\n\n<h2 class=\"wp-block-heading has-text-align-center\" style=\"font-size:clamp(26.465px, 1.654rem + ((1vw - 3.2px) * 2.106), 45px);font-style:normal;font-weight:300;letter-spacing:3px\">Produkter<\/h2>\n\n\n\n<hr class=\"wp-block-separator has-alpha-channel-opacity\" style=\"margin-top:19px;margin-bottom:0\"\/>\n\n\n\n<div class=\"wp-block-group has-global-padding is-layout-constrained wp-block-group-is-layout-constrained\" style=\"margin-top:0;margin-bottom:0\">\n<div class=\"wp-block-columns has-small-font-size is-layout-flex wp-container-core-columns-is-layout-5e121b81 wp-block-columns-is-layout-flex\" style=\"margin-top:0;margin-bottom:0;padding-top:var(--wp--preset--spacing--30);padding-right:0;padding-bottom:var(--wp--preset--spacing--30);padding-left:0\">\n<div class=\"wp-block-column is-layout-flow wp-block-column-is-layout-flow\" style=\"flex-basis:33.33%\">\n<div class=\"wp-block-group hover-border has-global-padding is-layout-constrained wp-block-group-is-layout-constrained\">\n<figure class=\"wp-block-image aligncenter size-full is-resized is-style-rounded\"><img loading=\"lazy\" decoding=\"async\" width=\"640\" height=\"427\" src=\"https:\/\/dev.idealis.nu\/tw23c\/wp-content\/uploads\/2025\/05\/excavator-2436217_640.jpg\" alt=\"\" class=\"wp-image-1532\" style=\"width:261px;height:auto\" srcset=\"https:\/\/dev.idealis.nu\/tw23c\/wp-content\/uploads\/2025\/05\/excavator-2436217_640.jpg 640w, https:\/\/dev.idealis.nu\/tw23c\/wp-content\/uploads\/2025\/05\/excavator-2436217_640-300x200.jpg 300w\" sizes=\"auto, (max-width: 640px) 100vw, 640px\" \/><\/figure>\n\n\n\n<h2 class=\"wp-block-heading has-text-align-center\" style=\"font-size:clamp(1.146rem, 1.146rem + ((1vw - 0.2rem) * 1.189), 1.8rem);\">Produkt 1<\/h2>\n\n\n\n<hr class=\"wp-block-separator has-alpha-channel-opacity is-style-default\"\/>\n\n\n\n<p class=\"has-text-align-center\">Beskrivning av produkt 1, med dess olika egenskaper och f\u00f6rdelar.<\/p>\n<\/div>\n<\/div>\n\n\n\n<div class=\"wp-block-column is-layout-flow wp-block-column-is-layout-flow\" style=\"flex-basis:33.33%\">\n<div class=\"wp-block-group has-global-padding is-layout-constrained wp-block-group-is-layout-constrained\">\n<figure class=\"wp-block-image aligncenter size-full is-resized is-style-rounded\"><img loading=\"lazy\" decoding=\"async\" width=\"640\" height=\"427\" src=\"https:\/\/dev.idealis.nu\/tw23c\/wp-content\/uploads\/2025\/05\/road-roller-6564386_640.jpg\" alt=\"\" class=\"wp-image-1536\" style=\"width:261px;height:auto\" srcset=\"https:\/\/dev.idealis.nu\/tw23c\/wp-content\/uploads\/2025\/05\/road-roller-6564386_640.jpg 640w, https:\/\/dev.idealis.nu\/tw23c\/wp-content\/uploads\/2025\/05\/road-roller-6564386_640-300x200.jpg 300w\" sizes=\"auto, (max-width: 640px) 100vw, 640px\" \/><\/figure>\n\n\n\n<h2 class=\"wp-block-heading has-text-align-center\" style=\"font-size:clamp(1.146rem, 1.146rem + ((1vw - 0.2rem) * 1.189), 1.8rem);\">Produkt 2<\/h2>\n\n\n\n<hr class=\"wp-block-separator has-alpha-channel-opacity is-style-default\"\/>\n\n\n\n<p class=\"has-text-align-center\">Beskrivning av produkt 2, med dess olika egenskaper och f\u00f6rdelar.<\/p>\n<\/div>\n<\/div>\n\n\n\n<div class=\"wp-block-column is-layout-flow wp-block-column-is-layout-flow\" style=\"flex-basis:33.33%\">\n<div class=\"wp-block-group has-global-padding is-layout-constrained wp-block-group-is-layout-constrained\">\n<figure class=\"wp-block-image aligncenter size-full is-resized is-style-rounded\"><img loading=\"lazy\" decoding=\"async\" width=\"640\" height=\"427\" src=\"https:\/\/dev.idealis.nu\/tw23c\/wp-content\/uploads\/2025\/05\/bulldozer-2195329_640.jpg\" alt=\"\" class=\"wp-image-1535\" style=\"width:261px;height:auto\" srcset=\"https:\/\/dev.idealis.nu\/tw23c\/wp-content\/uploads\/2025\/05\/bulldozer-2195329_640.jpg 640w, https:\/\/dev.idealis.nu\/tw23c\/wp-content\/uploads\/2025\/05\/bulldozer-2195329_640-300x200.jpg 300w\" sizes=\"auto, (max-width: 640px) 100vw, 640px\" \/><\/figure>\n\n\n\n<h2 class=\"wp-block-heading has-text-align-center\" style=\"font-size:clamp(1.146rem, 1.146rem + ((1vw - 0.2rem) * 1.189), 1.8rem);\">Produkt 3<\/h2>\n\n\n\n<hr class=\"wp-block-separator has-alpha-channel-opacity is-style-default\"\/>\n\n\n\n<p class=\"has-text-align-center\">Beskrivning av produkt 3, med dess olika egenskaper och f\u00f6rdelar.<\/p>\n<\/div>\n<\/div>\n<\/div>\n<\/div>\n","protected":false},"excerpt":{"rendered":"<p>Tj\u00e4nster Tj\u00e4nst 1 Beskrivning av tj\u00e4nst 1, med dess olika egenskaper och f\u00f6rdelar. Tj\u00e4nst 2 Beskrivning av tj\u00e4nst 2, med dess olika egenskaper och f\u00f6rdelar. Tj\u00e4nst 3 Beskrivning av tj\u00e4nst 3, med dess olika egenskaper och f\u00f6rdelar. Produkter Produkt 1 Beskrivning av produkt 1, med dess olika egenskaper och f\u00f6rdelar. Produkt 2 Beskrivning av produkt [&hellip;]<\/p>\n","protected":false},"author":2,"featured_media":0,"parent":0,"menu_order":0,"comment_status":"closed","ping_status":"closed","template":"startsida-hem","meta":{"footnotes":""},"class_list":["post-380","page","type-page","status-publish","hentry"],"_links":{"self":[{"href":"https:\/\/dev.idealis.nu\/tw23c\/wp-json\/wp\/v2\/pages\/380","targetHints":{"allow":["GET"]}}],"collection":[{"href":"https:\/\/dev.idealis.nu\/tw23c\/wp-json\/wp\/v2\/pages"}],"about":[{"href":"https:\/\/dev.idealis.nu\/tw23c\/wp-json\/wp\/v2\/types\/page"}],"author":[{"embeddable":true,"href":"https:\/\/dev.idealis.nu\/tw23c\/wp-json\/wp\/v2\/users\/2"}],"replies":[{"embeddable":true,"href":"https:\/\/dev.idealis.nu\/tw23c\/wp-json\/wp\/v2\/comments?post=380"}],"version-history":[{"count":95,"href":"https:\/\/dev.idealis.nu\/tw23c\/wp-json\/wp\/v2\/pages\/380\/revisions"}],"predecessor-version":[{"id":1575,"href":"https:\/\/dev.idealis.nu\/tw23c\/wp-json\/wp\/v2\/pages\/380\/revisions\/1575"}],"wp:attachment":[{"href":"https:\/\/dev.idealis.nu\/tw23c\/wp-json\/wp\/v2\/media?parent=380"}],"curies":[{"name":"wp","href":"https:\/\/api.w.org\/{rel}","templated":true}]}}