{"id":207,"date":"2024-07-10T12:12:21","date_gmt":"2024-07-10T10:12:21","guid":{"rendered":"http:\/\/arzon.se\/?page_id=207"},"modified":"2025-05-09T14:11:10","modified_gmt":"2025-05-09T12:11:10","slug":"tjanst3","status":"publish","type":"page","link":"https:\/\/dev.idealis.nu\/tw23c\/tjanst3\/","title":{"rendered":"Tj\u00e4nst 3"},"content":{"rendered":"\n<p>Vi erbjuder professionella tj\u00e4nster anpassade efter dina behov \u2013 oavsett om du \u00e4r privatperson, f\u00f6retag eller organisation. V\u00e5rt m\u00e5l \u00e4r att alltid leverera h\u00f6g kvalitet, tydlig kommunikation och h\u00e5llbara resultat. Med l\u00e5ng erfarenhet i branschen vet vi vad som kr\u00e4vs f\u00f6r att skapa v\u00e4rde f\u00f6r v\u00e5ra kunder, och vi str\u00e4var efter att g\u00f6ra varje uppdrag s\u00e5 smidigt och effektivt som m\u00f6jligt.<\/p>\n\n\n\n<p>Hos oss st\u00e5r kundens behov i fokus. Vi b\u00f6rjar alltid med en noggrann genomg\u00e5ng av dina \u00f6nskem\u00e5l och f\u00f6ruts\u00e4ttningar f\u00f6r att hitta den b\u00e4sta l\u00f6sningen. D\u00e4refter tar vi fram en tydlig plan, h\u00e5ller dig uppdaterad under hela processen och ser till att slutresultatet motsvarar \u2013 eller \u00f6vertr\u00e4ffar \u2013 dina f\u00f6rv\u00e4ntningar.<\/p>\n\n\n\n<p>Vare sig det g\u00e4ller r\u00e5dgivning, projektledning, teknisk support eller l\u00f6pande drift \u00e4r vi redo att hj\u00e4lpa till. Vi arbetar flexibelt, \u00e4r lyh\u00f6rda och anpassar v\u00e5ra insatser efter just din situation. Du kan lita p\u00e5 oss som en p\u00e5litlig partner med h\u00f6g serviceniv\u00e5.<\/p>\n\n\n\n<p>Kontakta oss g\u00e4rna f\u00f6r mer information eller en kostnadsfri offert!<\/p>\n\n\n\n<figure class=\"wp-block-image size-large has-custom-border is-style-rounded\"><img loading=\"lazy\" decoding=\"async\" width=\"1024\" height=\"578\" src=\"https:\/\/dev.idealis.nu\/tw23c\/wp-content\/uploads\/2025\/05\/extraction-2781679_1280-1024x578.jpg\" alt=\"\" class=\"wp-image-1540\" style=\"border-radius:15px\" srcset=\"https:\/\/dev.idealis.nu\/tw23c\/wp-content\/uploads\/2025\/05\/extraction-2781679_1280-1024x578.jpg 1024w, https:\/\/dev.idealis.nu\/tw23c\/wp-content\/uploads\/2025\/05\/extraction-2781679_1280-300x169.jpg 300w, https:\/\/dev.idealis.nu\/tw23c\/wp-content\/uploads\/2025\/05\/extraction-2781679_1280-768x433.jpg 768w, https:\/\/dev.idealis.nu\/tw23c\/wp-content\/uploads\/2025\/05\/extraction-2781679_1280.jpg 1280w\" sizes=\"auto, (max-width: 1024px) 100vw, 1024px\" \/><\/figure>\n","protected":false},"excerpt":{"rendered":"<p>Vi erbjuder professionella tj\u00e4nster anpassade efter dina behov \u2013 oavsett om du \u00e4r privatperson, f\u00f6retag eller organisation. V\u00e5rt m\u00e5l \u00e4r att alltid leverera h\u00f6g kvalitet, tydlig kommunikation och h\u00e5llbara resultat. Med l\u00e5ng erfarenhet i branschen vet vi vad som kr\u00e4vs f\u00f6r att skapa v\u00e4rde f\u00f6r v\u00e5ra kunder, och vi str\u00e4var efter att g\u00f6ra varje uppdrag [&hellip;]<\/p>\n","protected":false},"author":2,"featured_media":0,"parent":0,"menu_order":0,"comment_status":"closed","ping_status":"closed","template":"","meta":{"footnotes":""},"class_list":["post-207","page","type-page","status-publish","hentry"],"_links":{"self":[{"href":"https:\/\/dev.idealis.nu\/tw23c\/wp-json\/wp\/v2\/pages\/207","targetHints":{"allow":["GET"]}}],"collection":[{"href":"https:\/\/dev.idealis.nu\/tw23c\/wp-json\/wp\/v2\/pages"}],"about":[{"href":"https:\/\/dev.idealis.nu\/tw23c\/wp-json\/wp\/v2\/types\/page"}],"author":[{"embeddable":true,"href":"https:\/\/dev.idealis.nu\/tw23c\/wp-json\/wp\/v2\/users\/2"}],"replies":[{"embeddable":true,"href":"https:\/\/dev.idealis.nu\/tw23c\/wp-json\/wp\/v2\/comments?post=207"}],"version-history":[{"count":12,"href":"https:\/\/dev.idealis.nu\/tw23c\/wp-json\/wp\/v2\/pages\/207\/revisions"}],"predecessor-version":[{"id":1559,"href":"https:\/\/dev.idealis.nu\/tw23c\/wp-json\/wp\/v2\/pages\/207\/revisions\/1559"}],"wp:attachment":[{"href":"https:\/\/dev.idealis.nu\/tw23c\/wp-json\/wp\/v2\/media?parent=207"}],"curies":[{"name":"wp","href":"https:\/\/api.w.org\/{rel}","templated":true}]}}