{"id":143,"date":"2024-04-29T15:15:38","date_gmt":"2024-04-29T15:15:38","guid":{"rendered":"https:\/\/dev.idealis.nu\/tw23a\/?page_id=143"},"modified":"2024-04-29T18:15:31","modified_gmt":"2024-04-29T16:15:31","slug":"om-foreningen","status":"publish","type":"page","link":"https:\/\/dev.idealis.nu\/tw23a\/","title":{"rendered":"V\u00e4lkommen till oss!"},"content":{"rendered":"\n<p>En text som presenterar verksamheten och \u00f6nskar hemsidebes\u00f6karna v\u00e4lkomna m.m.<\/p>\n\n\n\n<p><strong>Intresserad av att veta mer?<\/strong><\/p>\n\n\n\n<p>Tveka inte att h\u00f6ra av dig till oss.<\/p>\n\n\n\n<p>F\u00f6lj g\u00e4rna v\u00e5ra sociala medier f\u00f6r att h\u00e5lla dig uppdaterad och f\u00f6r att f\u00e5 ett smakprov p\u00e5 vad vi kan erbjuda i form av varor eller tj\u00e4nster. Ta del av v\u00e5ra kommande evenemang m.m.<\/p>\n\n\n\n<p>F\u00f6lj oss p\u00e5 <a href=\"https:\/\/youtube.com\">YouTube<\/a> och <a href=\"https:\/\/instagram.com\">Instagram<\/a>.<\/p>\n","protected":false},"excerpt":{"rendered":"<p>En text som presenterar verksamheten och \u00f6nskar hemsidebes\u00f6karna v\u00e4lkomna m.m. Intresserad av att veta mer? Tveka inte att h\u00f6ra av dig till oss. F\u00f6lj g\u00e4rna v\u00e5ra sociala medier f\u00f6r att h\u00e5lla dig uppdaterad och f\u00f6r att f\u00e5 ett smakprov p\u00e5 vad vi kan erbjuda i form av varor eller tj\u00e4nster. Ta del av v\u00e5ra kommande [&hellip;]<\/p>\n","protected":false},"author":1,"featured_media":0,"parent":0,"menu_order":0,"comment_status":"closed","ping_status":"closed","template":"vanlig-sida-smalare-omslagsbild","meta":{"footnotes":""},"class_list":["post-143","page","type-page","status-publish","hentry"],"_links":{"self":[{"href":"https:\/\/dev.idealis.nu\/tw23a\/wp-json\/wp\/v2\/pages\/143","targetHints":{"allow":["GET"]}}],"collection":[{"href":"https:\/\/dev.idealis.nu\/tw23a\/wp-json\/wp\/v2\/pages"}],"about":[{"href":"https:\/\/dev.idealis.nu\/tw23a\/wp-json\/wp\/v2\/types\/page"}],"author":[{"embeddable":true,"href":"https:\/\/dev.idealis.nu\/tw23a\/wp-json\/wp\/v2\/users\/1"}],"replies":[{"embeddable":true,"href":"https:\/\/dev.idealis.nu\/tw23a\/wp-json\/wp\/v2\/comments?post=143"}],"version-history":[{"count":2,"href":"https:\/\/dev.idealis.nu\/tw23a\/wp-json\/wp\/v2\/pages\/143\/revisions"}],"predecessor-version":[{"id":156,"href":"https:\/\/dev.idealis.nu\/tw23a\/wp-json\/wp\/v2\/pages\/143\/revisions\/156"}],"wp:attachment":[{"href":"https:\/\/dev.idealis.nu\/tw23a\/wp-json\/wp\/v2\/media?parent=143"}],"curies":[{"name":"wp","href":"https:\/\/api.w.org\/{rel}","templated":true}]}}