{"id":365,"date":"2023-08-18T20:34:06","date_gmt":"2023-08-18T20:34:06","guid":{"rendered":"https:\/\/dev.idealis.nu\/rawvegan\/?page_id=365"},"modified":"2024-07-13T00:27:13","modified_gmt":"2024-07-12T22:27:13","slug":"raw-warriors-membership","status":"publish","type":"page","link":"https:\/\/dev.idealis.nu\/ocwpwoo1\/index.php\/raw-warriors-membership\/","title":{"rendered":"Matklubben"},"content":{"rendered":"\t\t<div data-elementor-type=\"wp-page\" data-elementor-id=\"365\" class=\"elementor elementor-365\">\n\t\t\t\t\t\t<section class=\"elementor-section elementor-top-section elementor-element elementor-element-69ece47 elementor-section-height-min-height elementor-section-boxed elementor-section-height-default elementor-section-items-middle\" data-id=\"69ece47\" data-element_type=\"section\" data-e-type=\"section\" data-settings=\"{&quot;background_background&quot;:&quot;classic&quot;}\">\n\t\t\t\t\t\t<div class=\"elementor-container elementor-column-gap-default\">\n\t\t\t\t\t<div class=\"elementor-column elementor-col-100 elementor-top-column elementor-element elementor-element-4b4850d\" data-id=\"4b4850d\" data-element_type=\"column\" data-e-type=\"column\">\n\t\t\t<div class=\"elementor-widget-wrap\">\n\t\t\t\t\t\t\t<\/div>\n\t\t<\/div>\n\t\t\t\t\t<\/div>\n\t\t<\/section>\n\t\t\t\t<section class=\"elementor-section elementor-top-section elementor-element elementor-element-bdc1c7a elementor-section-boxed elementor-section-height-default elementor-section-height-default\" data-id=\"bdc1c7a\" data-element_type=\"section\" data-e-type=\"section\">\n\t\t\t\t\t\t<div class=\"elementor-container elementor-column-gap-default\">\n\t\t\t\t\t<div class=\"elementor-column elementor-col-100 elementor-top-column elementor-element elementor-element-f617ee4\" data-id=\"f617ee4\" data-element_type=\"column\" data-e-type=\"column\">\n\t\t\t<div class=\"elementor-widget-wrap elementor-element-populated\">\n\t\t\t\t\t\t<div class=\"elementor-element elementor-element-d870f88 elementor-widget elementor-widget-heading\" data-id=\"d870f88\" data-element_type=\"widget\" data-e-type=\"widget\" data-widget_type=\"heading.default\">\n\t\t\t\t\t<h1 class=\"elementor-heading-title elementor-size-default\">V\u00e4lkommen till v\u00e5r klubb<\/h1>\t\t\t\t<\/div>\n\t\t\t\t<div class=\"elementor-element elementor-element-053907a elementor-widget elementor-widget-text-editor\" data-id=\"053907a\" data-element_type=\"widget\" data-e-type=\"widget\" data-widget_type=\"text-editor.default\">\n\t\t\t\t\t\t\t\t\t<p>V\u00e4ntan \u00e4r \u00f6ver! <\/p><div>Bli medlem i v\u00e5r klubb och ta del av tips, id\u00e9er, recept m.m. av andra mat\u00e4lskare som du. <\/div><div>Registrera dig och bli medlem och f\u00e5 olika f\u00f6rm\u00e5ner. <br \/>V\u00e4nliga h\u00e4lsningar<br \/>\u00a0Vi p\u00e5 matklubben<\/div>\t\t\t\t\t\t\t\t<\/div>\n\t\t\t\t\t<\/div>\n\t\t<\/div>\n\t\t\t\t\t<\/div>\n\t\t<\/section>\n\t\t\t\t<section class=\"elementor-section elementor-top-section elementor-element elementor-element-639e300 elementor-section-boxed elementor-section-height-default elementor-section-height-default\" data-id=\"639e300\" data-element_type=\"section\" data-e-type=\"section\">\n\t\t\t\t\t\t<div class=\"elementor-container elementor-column-gap-wide\">\n\t\t\t\t\t<div class=\"elementor-column elementor-col-50 elementor-top-column elementor-element elementor-element-093ba47\" data-id=\"093ba47\" data-element_type=\"column\" data-e-type=\"column\">\n\t\t\t<div class=\"elementor-widget-wrap elementor-element-populated\">\n\t\t\t\t\t\t<div class=\"elementor-element elementor-element-6a9b50d elementor-widget elementor-widget-image\" data-id=\"6a9b50d\" data-element_type=\"widget\" data-e-type=\"widget\" data-widget_type=\"image.default\">\n\t\t\t\t\t\t\t\t\t\t\t\t\t\t\t<img fetchpriority=\"high\" decoding=\"async\" width=\"768\" height=\"1024\" src=\"https:\/\/dev.idealis.nu\/ocwpwoo1\/wp-content\/uploads\/2023\/08\/membership-fruit-bowl-768x1024.webp\" class=\"attachment-large size-large wp-image-329\" alt=\"\" srcset=\"https:\/\/dev.idealis.nu\/ocwpwoo1\/wp-content\/uploads\/2023\/08\/membership-fruit-bowl-768x1024.webp 768w, https:\/\/dev.idealis.nu\/ocwpwoo1\/wp-content\/uploads\/2023\/08\/membership-fruit-bowl-225x300.webp 225w, https:\/\/dev.idealis.nu\/ocwpwoo1\/wp-content\/uploads\/2023\/08\/membership-fruit-bowl-1152x1536.webp 1152w, https:\/\/dev.idealis.nu\/ocwpwoo1\/wp-content\/uploads\/2023\/08\/membership-fruit-bowl-1320x1760.webp 1320w, https:\/\/dev.idealis.nu\/ocwpwoo1\/wp-content\/uploads\/2023\/08\/membership-fruit-bowl-348x464.webp 348w, https:\/\/dev.idealis.nu\/ocwpwoo1\/wp-content\/uploads\/2023\/08\/membership-fruit-bowl-454x605.webp 454w, https:\/\/dev.idealis.nu\/ocwpwoo1\/wp-content\/uploads\/2023\/08\/membership-fruit-bowl.webp 1500w\" sizes=\"(max-width: 768px) 100vw, 768px\" \/>\t\t\t\t\t\t\t\t\t\t\t\t\t\t\t<\/div>\n\t\t\t\t\t<\/div>\n\t\t<\/div>\n\t\t\t\t<div class=\"elementor-column elementor-col-50 elementor-top-column elementor-element elementor-element-e1e6eb1\" data-id=\"e1e6eb1\" data-element_type=\"column\" data-e-type=\"column\">\n\t\t\t<div class=\"elementor-widget-wrap elementor-element-populated\">\n\t\t\t\t\t\t<div class=\"elementor-element elementor-element-025b77e elementor-widget elementor-widget-heading\" data-id=\"025b77e\" data-element_type=\"widget\" data-e-type=\"widget\" data-widget_type=\"heading.default\">\n\t\t\t\t\t<h1 class=\"elementor-heading-title elementor-size-default\">Detta f\u00e5r du<\/h1>\t\t\t\t<\/div>\n\t\t\t\t<div class=\"elementor-element elementor-element-e4d35ad elementor-widget elementor-widget-text-editor\" data-id=\"e4d35ad\" data-element_type=\"widget\" data-e-type=\"widget\" data-widget_type=\"text-editor.default\">\n\t\t\t\t\t\t\t\t\t<p>Den Gemenskap och St\u00f6d du har Letat Efter! &#8211; en Matklubb f\u00f6r Sanningens S\u00f6kare som alla \u00e4r p\u00e5 en Kollektiv Resa mot B\u00e4ttre H\u00e4lsa<\/p><ul><li>H\u00f6g Niv\u00e5 av Ansvarstagande<\/li><li>Tillg\u00e5ng till den Privata Matklubben p\u00e5 Facebook<\/li><li>Expertcoachning och Tips fr\u00e5n Mike inne i Facebookgruppen<\/li><li>Ett \u00f6verfl\u00f6d av veckovis inneh\u00e5ll fr\u00e5n Mike f\u00f6r att hj\u00e4lpa dig p\u00e5 din resa (videor, handledningar, vetenskap, recept, etc)<\/li><li>Veckovis Livestr\u00f6mmad Fr\u00e5gestund med Mike och G\u00e4ster<\/li><li>Tillg\u00e5ng till Kommande 30-dagars V\u00e4lm\u00e5endekampanjer<\/li><li>Rekommendationslista f\u00f6r K\u00f6ksredskap<\/li><li>Ett \u00f6verfl\u00f6d av N\u00e4ringsrika och Uts\u00f6kta Recept<\/li><li>7-dagars (Nyv\u00e4nlig) M\u00e5ltidsplan f\u00f6r Matklubben<\/li><\/ul>\t\t\t\t\t\t\t\t<\/div>\n\t\t\t\t\t<\/div>\n\t\t<\/div>\n\t\t\t\t\t<\/div>\n\t\t<\/section>\n\t\t\t\t<section class=\"elementor-section elementor-top-section elementor-element elementor-element-4a49ce9 elementor-section-boxed elementor-section-height-default elementor-section-height-default\" data-id=\"4a49ce9\" data-element_type=\"section\" data-e-type=\"section\" data-settings=\"{&quot;background_background&quot;:&quot;classic&quot;}\">\n\t\t\t\t\t\t<div class=\"elementor-container elementor-column-gap-no\">\n\t\t\t\t\t<div class=\"elementor-column elementor-col-100 elementor-top-column elementor-element elementor-element-de792b7\" data-id=\"de792b7\" data-element_type=\"column\" data-e-type=\"column\">\n\t\t\t<div class=\"elementor-widget-wrap elementor-element-populated\">\n\t\t\t\t\t\t<div class=\"elementor-element elementor-element-62571eb elementor-widget elementor-widget-heading\" data-id=\"62571eb\" data-element_type=\"widget\" data-e-type=\"widget\" data-widget_type=\"heading.default\">\n\t\t\t\t\t<h1 class=\"elementor-heading-title elementor-size-default\">V\u00e4lj den plan som passar dig<\/h1>\t\t\t\t<\/div>\n\t\t\t\t<section class=\"elementor-section elementor-inner-section elementor-element elementor-element-d4a8406 elementor-section-boxed elementor-section-height-default elementor-section-height-default\" data-id=\"d4a8406\" data-element_type=\"section\" data-e-type=\"section\" data-settings=\"{&quot;background_background&quot;:&quot;classic&quot;}\">\n\t\t\t\t\t\t<div class=\"elementor-container elementor-column-gap-wide\">\n\t\t\t\t\t<div class=\"elementor-column elementor-col-33 elementor-inner-column elementor-element elementor-element-a8c194a\" data-id=\"a8c194a\" data-element_type=\"column\" data-e-type=\"column\" data-settings=\"{&quot;background_background&quot;:&quot;classic&quot;}\">\n\t\t\t<div class=\"elementor-widget-wrap elementor-element-populated\">\n\t\t\t\t\t\t<div class=\"elementor-element elementor-element-5c8dd69 elementor-widget elementor-widget-heading\" data-id=\"5c8dd69\" data-element_type=\"widget\" data-e-type=\"widget\" data-widget_type=\"heading.default\">\n\t\t\t\t\t<h2 class=\"elementor-heading-title elementor-size-default\">Medlemskap 1 \u00e5r<\/h2>\t\t\t\t<\/div>\n\t\t\t\t<div class=\"elementor-element elementor-element-4e6dd00 elementor-widget elementor-widget-heading\" data-id=\"4e6dd00\" data-element_type=\"widget\" data-e-type=\"widget\" data-widget_type=\"heading.default\">\n\t\t\t\t\t<h1 class=\"elementor-heading-title elementor-size-default\">77,77 US$<\/h1>\t\t\t\t<\/div>\n\t\t\t\t<div class=\"elementor-element elementor-element-5fbab92 elementor-widget elementor-widget-text-editor\" data-id=\"5fbab92\" data-element_type=\"widget\" data-e-type=\"widget\" data-widget_type=\"text-editor.default\">\n\t\t\t\t\t\t\t\t\t<p>Per year<\/p>\t\t\t\t\t\t\t\t<\/div>\n\t\t\t\t<div class=\"elementor-element elementor-element-1cd5136 elementor-widget elementor-widget-text-editor\" data-id=\"1cd5136\" data-element_type=\"widget\" data-e-type=\"widget\" data-widget_type=\"text-editor.default\">\n\t\t\t\t\t\t\t\t\t<p>Vissa s\u00e4ger att det tar 21 dagar att skapa en ny vana, men jag tror att det kr\u00e4vs l\u00e5ngsiktig konsekvens f\u00f6r att se verklig f\u00f6r\u00e4ndring. Livet \u00e4r inte en t\u00e4vling, det \u00e4r en resa. Ge dig sj\u00e4lv g\u00e5van av Tid och k\u00e4nn dig avslappnad medan du utvecklas till den B\u00e4sta Versionen av Dig Sj\u00e4lv.<\/p><p>Detta \u00e4r en 70% RABATT F\u00d6R LIVET om du v\u00e4ljer detta alternativ.<br \/>(Begr\u00e4nsat erbjudande)<\/p>\t\t\t\t\t\t\t\t<\/div>\n\t\t\t\t<div class=\"elementor-element elementor-element-3f5ece8 elementor-align-center elementor-widget elementor-widget-button\" data-id=\"3f5ece8\" data-element_type=\"widget\" data-e-type=\"widget\" data-widget_type=\"button.default\">\n\t\t\t\t\t\t\t\t\t\t<a class=\"elementor-button elementor-button-link elementor-size-lg\" href=\"https:\/\/dev.idealis.nu\/ocwpwoo1\/index.php\/product\/raw-warriors-1-year-membership-70-off-normally-266-64-now\/\">\n\t\t\t\t\t\t<span class=\"elementor-button-content-wrapper\">\n\t\t\t\t\t\t<span class=\"elementor-button-icon\">\n\t\t\t\t<svg aria-hidden=\"true\" class=\"e-font-icon-svg e-fas-long-arrow-alt-right\" viewBox=\"0 0 448 512\" xmlns=\"http:\/\/www.w3.org\/2000\/svg\"><path d=\"M313.941 216H12c-6.627 0-12 5.373-12 12v56c0 6.627 5.373 12 12 12h301.941v46.059c0 21.382 25.851 32.09 40.971 16.971l86.059-86.059c9.373-9.373 9.373-24.569 0-33.941l-86.059-86.059c-15.119-15.119-40.971-4.411-40.971 16.971V216z\"><\/path><\/svg>\t\t\t<\/span>\n\t\t\t\t\t\t\t\t\t<span class=\"elementor-button-text\">Registrera mig<\/span>\n\t\t\t\t\t<\/span>\n\t\t\t\t\t<\/a>\n\t\t\t\t\t\t\t\t<\/div>\n\t\t\t\t\t<\/div>\n\t\t<\/div>\n\t\t\t\t<div class=\"elementor-column elementor-col-33 elementor-inner-column elementor-element elementor-element-992607c\" data-id=\"992607c\" data-element_type=\"column\" data-e-type=\"column\">\n\t\t\t<div class=\"elementor-widget-wrap elementor-element-populated\">\n\t\t\t\t\t\t<div class=\"elementor-element elementor-element-5d281ed elementor-widget elementor-widget-spacer\" data-id=\"5d281ed\" data-element_type=\"widget\" data-e-type=\"widget\" data-widget_type=\"spacer.default\">\n\t\t\t\t\t\t\t<div class=\"elementor-spacer\">\n\t\t\t<div class=\"elementor-spacer-inner\"><\/div>\n\t\t<\/div>\n\t\t\t\t\t\t<\/div>\n\t\t\t\t\t<\/div>\n\t\t<\/div>\n\t\t\t\t<div class=\"elementor-column elementor-col-33 elementor-inner-column elementor-element elementor-element-ad70cbe\" data-id=\"ad70cbe\" data-element_type=\"column\" data-e-type=\"column\" data-settings=\"{&quot;background_background&quot;:&quot;classic&quot;}\">\n\t\t\t<div class=\"elementor-widget-wrap elementor-element-populated\">\n\t\t\t\t\t\t<div class=\"elementor-element elementor-element-9389201 elementor-widget elementor-widget-heading\" data-id=\"9389201\" data-element_type=\"widget\" data-e-type=\"widget\" data-widget_type=\"heading.default\">\n\t\t\t\t\t<h2 class=\"elementor-heading-title elementor-size-default\">Medlemskap 1 m\u00e5n<\/h2>\t\t\t\t<\/div>\n\t\t\t\t<div class=\"elementor-element elementor-element-5eb7eab elementor-widget elementor-widget-heading\" data-id=\"5eb7eab\" data-element_type=\"widget\" data-e-type=\"widget\" data-widget_type=\"heading.default\">\n\t\t\t\t\t<h1 class=\"elementor-heading-title elementor-size-default\">22,22 US$<\/h1>\t\t\t\t<\/div>\n\t\t\t\t<div class=\"elementor-element elementor-element-44e2f8b elementor-widget elementor-widget-text-editor\" data-id=\"44e2f8b\" data-element_type=\"widget\" data-e-type=\"widget\" data-widget_type=\"text-editor.default\">\n\t\t\t\t\t\t\t\t\t<p>Per month<\/p>\t\t\t\t\t\t\t\t<\/div>\n\t\t\t\t<div class=\"elementor-element elementor-element-4254c3d elementor-widget elementor-widget-text-editor\" data-id=\"4254c3d\" data-element_type=\"widget\" data-e-type=\"widget\" data-widget_type=\"text-editor.default\">\n\t\t\t\t\t\t\t\t\t<p>St\u00f6d och Ansvarstagande kan vara sv\u00e5rt att hitta nuf\u00f6rtiden, s\u00e4rskilt n\u00e4r det g\u00e4ller att ta kontroll \u00f6ver v\u00e5r h\u00e4lsa. Friska individer \u00e4r faktiskt nu en Minoritet! Oavsett om du vill g\u00e5 ner i vikt, f\u00f6rb\u00e4ttra matsm\u00e4ltningsproblem, eller bara vill interagera med andra som aktivt arbetar f\u00f6r att f\u00f6rb\u00e4ttra sina liv, har du kommit till r\u00e4tt plats!<\/p><p>Detta \u00e4r en m\u00e5natlig \u00e5terkommande betalning, utan kontrakt eller l\u00e5ngsiktig f\u00f6rpliktelse. Du kan enkelt avbryta n\u00e4r som helst \ud83d\ude42 Stanna s\u00e5 l\u00e4nge du f\u00e5r v\u00e4rde.<\/p>\t\t\t\t\t\t\t\t<\/div>\n\t\t\t\t<div class=\"elementor-element elementor-element-697dc71 elementor-align-center elementor-widget elementor-widget-button\" data-id=\"697dc71\" data-element_type=\"widget\" data-e-type=\"widget\" data-widget_type=\"button.default\">\n\t\t\t\t\t\t\t\t\t\t<a class=\"elementor-button elementor-button-link elementor-size-lg\" href=\"https:\/\/dev.idealis.nu\/ocwpwoo1\/index.php\/product\/monthly-membership\/\">\n\t\t\t\t\t\t<span class=\"elementor-button-content-wrapper\">\n\t\t\t\t\t\t<span class=\"elementor-button-icon\">\n\t\t\t\t<svg aria-hidden=\"true\" class=\"e-font-icon-svg e-fas-long-arrow-alt-right\" viewBox=\"0 0 448 512\" xmlns=\"http:\/\/www.w3.org\/2000\/svg\"><path d=\"M313.941 216H12c-6.627 0-12 5.373-12 12v56c0 6.627 5.373 12 12 12h301.941v46.059c0 21.382 25.851 32.09 40.971 16.971l86.059-86.059c9.373-9.373 9.373-24.569 0-33.941l-86.059-86.059c-15.119-15.119-40.971-4.411-40.971 16.971V216z\"><\/path><\/svg>\t\t\t<\/span>\n\t\t\t\t\t\t\t\t\t<span class=\"elementor-button-text\">Registrera mig<\/span>\n\t\t\t\t\t<\/span>\n\t\t\t\t\t<\/a>\n\t\t\t\t\t\t\t\t<\/div>\n\t\t\t\t\t<\/div>\n\t\t<\/div>\n\t\t\t\t\t<\/div>\n\t\t<\/section>\n\t\t\t\t\t<\/div>\n\t\t<\/div>\n\t\t\t\t\t<\/div>\n\t\t<\/section>\n\t\t\t\t<\/div>\n\t\t","protected":false},"excerpt":{"rendered":"<p>V\u00e4lkommen till v\u00e5r klubb V\u00e4ntan \u00e4r \u00f6ver! Bli medlem i v\u00e5r klubb och ta del av tips, id\u00e9er, recept m.m. av andra mat\u00e4lskare som du. Registrera dig och bli medlem och f\u00e5 olika f\u00f6rm\u00e5ner. V\u00e4nliga h\u00e4lsningar\u00a0Vi p\u00e5 matklubben Detta f\u00e5r du Den Gemenskap och St\u00f6d du har Letat Efter! &#8211; en Matklubb f\u00f6r Sanningens S\u00f6kare [&hellip;]<\/p>\n","protected":false},"author":1,"featured_media":0,"parent":0,"menu_order":0,"comment_status":"closed","ping_status":"closed","template":"","meta":{"ocean_post_layout":"full-screen","ocean_both_sidebars_style":"","ocean_both_sidebars_content_width":0,"ocean_both_sidebars_sidebars_width":0,"ocean_sidebar":"0","ocean_second_sidebar":"0","ocean_disable_margins":"enable","ocean_add_body_class":"","ocean_shortcode_before_top_bar":"","ocean_shortcode_after_top_bar":"","ocean_shortcode_before_header":"","ocean_shortcode_after_header":"","ocean_has_shortcode":"","ocean_shortcode_after_title":"","ocean_shortcode_before_footer_widgets":"","ocean_shortcode_after_footer_widgets":"","ocean_shortcode_before_footer_bottom":"","ocean_shortcode_after_footer_bottom":"","ocean_display_top_bar":"default","ocean_display_header":"default","ocean_header_style":"","ocean_center_header_left_menu":"0","ocean_custom_header_template":"0","ocean_custom_logo":0,"ocean_custom_retina_logo":0,"ocean_custom_logo_max_width":0,"ocean_custom_logo_tablet_max_width":0,"ocean_custom_logo_mobile_max_width":0,"ocean_custom_logo_max_height":0,"ocean_custom_logo_tablet_max_height":0,"ocean_custom_logo_mobile_max_height":0,"ocean_header_custom_menu":"0","ocean_menu_typo_font_family":"0","ocean_menu_typo_font_subset":"","ocean_menu_typo_font_size":0,"ocean_menu_typo_font_size_tablet":0,"ocean_menu_typo_font_size_mobile":0,"ocean_menu_typo_font_size_unit":"px","ocean_menu_typo_font_weight":"","ocean_menu_typo_font_weight_tablet":"","ocean_menu_typo_font_weight_mobile":"","ocean_menu_typo_transform":"","ocean_menu_typo_transform_tablet":"","ocean_menu_typo_transform_mobile":"","ocean_menu_typo_line_height":0,"ocean_menu_typo_line_height_tablet":0,"ocean_menu_typo_line_height_mobile":0,"ocean_menu_typo_line_height_unit":"","ocean_menu_typo_spacing":0,"ocean_menu_typo_spacing_tablet":0,"ocean_menu_typo_spacing_mobile":0,"ocean_menu_typo_spacing_unit":"","ocean_menu_link_color":"","ocean_menu_link_color_hover":"","ocean_menu_link_color_active":"","ocean_menu_link_background":"","ocean_menu_link_hover_background":"","ocean_menu_link_active_background":"","ocean_menu_social_links_bg":"","ocean_menu_social_hover_links_bg":"","ocean_menu_social_links_color":"","ocean_menu_social_hover_links_color":"","ocean_disable_title":"on","ocean_disable_heading":"default","ocean_post_title":"","ocean_post_subheading":"","ocean_post_title_style":"","ocean_post_title_background_color":"","ocean_post_title_background":0,"ocean_post_title_bg_image_position":"","ocean_post_title_bg_image_attachment":"","ocean_post_title_bg_image_repeat":"","ocean_post_title_bg_image_size":"","ocean_post_title_height":0,"ocean_post_title_bg_overlay":0.5,"ocean_post_title_bg_overlay_color":"","ocean_disable_breadcrumbs":"default","ocean_breadcrumbs_color":"","ocean_breadcrumbs_separator_color":"","ocean_breadcrumbs_links_color":"","ocean_breadcrumbs_links_hover_color":"","ocean_display_footer_widgets":"default","ocean_display_footer_bottom":"default","ocean_custom_footer_template":"0","footnotes":""},"class_list":["post-365","page","type-page","status-publish","hentry","entry","owp-thumbs-layout-horizontal","owp-btn-normal","owp-tabs-layout-horizontal","has-no-thumbnails"],"_links":{"self":[{"href":"https:\/\/dev.idealis.nu\/ocwpwoo1\/index.php\/wp-json\/wp\/v2\/pages\/365","targetHints":{"allow":["GET"]}}],"collection":[{"href":"https:\/\/dev.idealis.nu\/ocwpwoo1\/index.php\/wp-json\/wp\/v2\/pages"}],"about":[{"href":"https:\/\/dev.idealis.nu\/ocwpwoo1\/index.php\/wp-json\/wp\/v2\/types\/page"}],"author":[{"embeddable":true,"href":"https:\/\/dev.idealis.nu\/ocwpwoo1\/index.php\/wp-json\/wp\/v2\/users\/1"}],"replies":[{"embeddable":true,"href":"https:\/\/dev.idealis.nu\/ocwpwoo1\/index.php\/wp-json\/wp\/v2\/comments?post=365"}],"version-history":[{"count":184,"href":"https:\/\/dev.idealis.nu\/ocwpwoo1\/index.php\/wp-json\/wp\/v2\/pages\/365\/revisions"}],"predecessor-version":[{"id":785,"href":"https:\/\/dev.idealis.nu\/ocwpwoo1\/index.php\/wp-json\/wp\/v2\/pages\/365\/revisions\/785"}],"wp:attachment":[{"href":"https:\/\/dev.idealis.nu\/ocwpwoo1\/index.php\/wp-json\/wp\/v2\/media?parent=365"}],"curies":[{"name":"wp","href":"https:\/\/api.w.org\/{rel}","templated":true}]}}