{"id":189,"date":"2016-05-08T17:22:51","date_gmt":"2016-05-08T17:22:51","guid":{"rendered":"https:\/\/oceanwp.org\/gym\/?page_id=189"},"modified":"2024-06-15T15:13:36","modified_gmt":"2024-06-15T15:13:36","slug":"om","status":"publish","type":"page","link":"https:\/\/dev.idealis.nu\/ocwp1\/om\/","title":{"rendered":"Om oss"},"content":{"rendered":"\t\t<div data-elementor-type=\"wp-post\" data-elementor-id=\"189\" class=\"elementor elementor-189\">\n\t\t\t\t\t\t<section class=\"elementor-section elementor-top-section elementor-element elementor-element-d977375 elementor-section-boxed elementor-section-height-default elementor-section-height-default\" data-id=\"d977375\" data-element_type=\"section\" data-e-type=\"section\">\n\t\t\t\t\t\t<div class=\"elementor-container elementor-column-gap-default\">\n\t\t\t\t\t<div class=\"elementor-column elementor-col-100 elementor-top-column elementor-element elementor-element-b6ae903\" data-id=\"b6ae903\" data-element_type=\"column\" data-e-type=\"column\">\n\t\t\t<div class=\"elementor-widget-wrap elementor-element-populated\">\n\t\t\t\t\t\t<div class=\"elementor-element elementor-element-430d8e1 elementor-widget elementor-widget-text-editor\" data-id=\"430d8e1\" data-element_type=\"widget\" data-e-type=\"widget\" data-widget_type=\"text-editor.default\">\n\t\t\t\t<div class=\"elementor-widget-container\">\n\t\t\t\t\t\t\t\t\t<p>F\u00d6RETAGET erbjuder tj\u00e4nster fr\u00e4mst inom HVB och Familjehem.<\/p><p>Men vi har \u00e4ven bred kompetens inom ett flertal andra omr\u00e5den s\u00e5som bemanning, bygg, transport m.m.<\/p><p>V\u00e5r m\u00e5ls\u00e4ttning att utf\u00f6ra uppdrag som kunden blir n\u00f6jd med och som f\u00f6retaget kan k\u00e4nna stolthet \u00f6ver.<\/p><div>F\u00d6RETAGET AB efterstr\u00e4var j\u00e4mst\u00e4lldhet och etnisk m\u00e5ngfald och utbildar personalen allt eftersom verksamheten utvecklas och f\u00f6rnyas.<\/div><div>\u00a0<\/div><div>Vi \u00e4r medlemmar i Svenskt N\u00e4ringsliv samt \u00e4r kollektivanslutna. Vi har \u00e4ven f\u00f6retagsh\u00e4lsov\u00e5rd eftersom vi ser de anst\u00e4llda som v\u00e5r st\u00f6rsta tillg\u00e5ng. Personalens h\u00e4lsa och kunnighet \u00e4r v\u00e5r fr\u00e4msta investering.<\/div><div>\u00a0<\/div><p>Ta g\u00e4rna en titt p\u00e5 <a href=\"https:\/\/dev.idealis.nu\/ocwp1\/tjanster\/\">v\u00e5ra tj\u00e4nster<\/a> eller <a href=\"https:\/\/dev.idealis.nu\/ocwp1\/kontakt\/\">kontakta oss<\/a> f\u00f6r mer information!<\/p>\t\t\t\t\t\t\t\t<\/div>\n\t\t\t\t<\/div>\n\t\t\t\t\t<\/div>\n\t\t<\/div>\n\t\t\t\t\t<\/div>\n\t\t<\/section>\n\t\t\t\t<\/div>\n\t\t","protected":false},"excerpt":{"rendered":"<p>F\u00d6RETAGET erbjuder tj\u00e4nster fr\u00e4mst inom HVB och Familjehem. Men vi har \u00e4ven bred kompetens inom ett flertal andra omr\u00e5den s\u00e5som bemanning, bygg, transport m.m. V\u00e5r m\u00e5ls\u00e4ttning att utf\u00f6ra uppdrag som kunden blir n\u00f6jd med och som f\u00f6retaget kan k\u00e4nna stolthet \u00f6ver. F\u00d6RETAGET AB efterstr\u00e4var j\u00e4mst\u00e4lldhet och etnisk m\u00e5ngfald och utbildar personalen allt eftersom verksamheten utvecklas [&hellip;]<\/p>\n","protected":false},"author":1,"featured_media":0,"parent":0,"menu_order":0,"comment_status":"closed","ping_status":"closed","template":"","meta":{"ocean_post_layout":"full-screen","ocean_both_sidebars_style":"","ocean_both_sidebars_content_width":0,"ocean_both_sidebars_sidebars_width":0,"ocean_sidebar":"0","ocean_second_sidebar":"0","ocean_disable_margins":"on","ocean_add_body_class":"","ocean_shortcode_before_top_bar":"","ocean_shortcode_after_top_bar":"","ocean_shortcode_before_header":"","ocean_shortcode_after_header":"","ocean_has_shortcode":"","ocean_shortcode_after_title":"","ocean_shortcode_before_footer_widgets":"","ocean_shortcode_after_footer_widgets":"","ocean_shortcode_before_footer_bottom":"","ocean_shortcode_after_footer_bottom":"","ocean_display_top_bar":"default","ocean_display_header":"default","ocean_header_style":"","ocean_center_header_left_menu":"0","ocean_custom_header_template":"0","ocean_custom_logo":0,"ocean_custom_retina_logo":0,"ocean_custom_logo_max_width":0,"ocean_custom_logo_tablet_max_width":0,"ocean_custom_logo_mobile_max_width":0,"ocean_custom_logo_max_height":0,"ocean_custom_logo_tablet_max_height":0,"ocean_custom_logo_mobile_max_height":0,"ocean_header_custom_menu":"0","ocean_menu_typo_font_family":"0","ocean_menu_typo_font_subset":"","ocean_menu_typo_font_size":0,"ocean_menu_typo_font_size_tablet":0,"ocean_menu_typo_font_size_mobile":0,"ocean_menu_typo_font_size_unit":"px","ocean_menu_typo_font_weight":"","ocean_menu_typo_font_weight_tablet":"","ocean_menu_typo_font_weight_mobile":"","ocean_menu_typo_transform":"","ocean_menu_typo_transform_tablet":"","ocean_menu_typo_transform_mobile":"","ocean_menu_typo_line_height":0,"ocean_menu_typo_line_height_tablet":0,"ocean_menu_typo_line_height_mobile":0,"ocean_menu_typo_line_height_unit":"","ocean_menu_typo_spacing":0,"ocean_menu_typo_spacing_tablet":0,"ocean_menu_typo_spacing_mobile":0,"ocean_menu_typo_spacing_unit":"","ocean_menu_link_color":"","ocean_menu_link_color_hover":"","ocean_menu_link_color_active":"","ocean_menu_link_background":"","ocean_menu_link_hover_background":"","ocean_menu_link_active_background":"","ocean_menu_social_links_bg":"","ocean_menu_social_hover_links_bg":"","ocean_menu_social_links_color":"","ocean_menu_social_hover_links_color":"","ocean_disable_title":"default","ocean_disable_heading":"default","ocean_post_title":"","ocean_post_subheading":"L\u00e4r k\u00e4nna oss","ocean_post_title_style":"background-image","ocean_post_title_background_color":"","ocean_post_title_background":716,"ocean_post_title_bg_image_position":"center center","ocean_post_title_bg_image_attachment":"","ocean_post_title_bg_image_repeat":"","ocean_post_title_bg_image_size":"","ocean_post_title_height":0,"ocean_post_title_bg_overlay":0.5,"ocean_post_title_bg_overlay_color":"","ocean_disable_breadcrumbs":"default","ocean_breadcrumbs_color":"","ocean_breadcrumbs_separator_color":"","ocean_breadcrumbs_links_color":"","ocean_breadcrumbs_links_hover_color":"","ocean_display_footer_widgets":"default","ocean_display_footer_bottom":"default","ocean_custom_footer_template":"0","footnotes":""},"class_list":["post-189","page","type-page","status-publish","hentry","entry"],"_links":{"self":[{"href":"https:\/\/dev.idealis.nu\/ocwp1\/wp-json\/wp\/v2\/pages\/189","targetHints":{"allow":["GET"]}}],"collection":[{"href":"https:\/\/dev.idealis.nu\/ocwp1\/wp-json\/wp\/v2\/pages"}],"about":[{"href":"https:\/\/dev.idealis.nu\/ocwp1\/wp-json\/wp\/v2\/types\/page"}],"author":[{"embeddable":true,"href":"https:\/\/dev.idealis.nu\/ocwp1\/wp-json\/wp\/v2\/users\/1"}],"replies":[{"embeddable":true,"href":"https:\/\/dev.idealis.nu\/ocwp1\/wp-json\/wp\/v2\/comments?post=189"}],"version-history":[{"count":29,"href":"https:\/\/dev.idealis.nu\/ocwp1\/wp-json\/wp\/v2\/pages\/189\/revisions"}],"predecessor-version":[{"id":1003,"href":"https:\/\/dev.idealis.nu\/ocwp1\/wp-json\/wp\/v2\/pages\/189\/revisions\/1003"}],"wp:attachment":[{"href":"https:\/\/dev.idealis.nu\/ocwp1\/wp-json\/wp\/v2\/media?parent=189"}],"curies":[{"name":"wp","href":"https:\/\/api.w.org\/{rel}","templated":true}]}}