{"id":168,"date":"2016-05-08T13:06:55","date_gmt":"2016-05-08T13:06:55","guid":{"rendered":"https:\/\/oceanwp.org\/gym\/?page_id=168"},"modified":"2022-07-21T02:39:22","modified_gmt":"2022-07-21T02:39:22","slug":"tjanster","status":"publish","type":"page","link":"https:\/\/dev.idealis.nu\/ocwp1\/tjanster\/","title":{"rendered":"\u00d6vriga tj\u00e4nster"},"content":{"rendered":"\t\t<div data-elementor-type=\"wp-post\" data-elementor-id=\"168\" class=\"elementor elementor-168\">\n\t\t\t\t\t\t<section class=\"elementor-section elementor-top-section elementor-element elementor-element-eaac21b elementor-section-boxed elementor-section-height-default elementor-section-height-default\" data-id=\"eaac21b\" data-element_type=\"section\" data-e-type=\"section\">\n\t\t\t\t\t\t<div class=\"elementor-container elementor-column-gap-default\">\n\t\t\t\t\t<div class=\"elementor-column elementor-col-100 elementor-top-column elementor-element elementor-element-d62fb5c\" data-id=\"d62fb5c\" data-element_type=\"column\" data-e-type=\"column\">\n\t\t\t<div class=\"elementor-widget-wrap elementor-element-populated\">\n\t\t\t\t\t\t<div class=\"elementor-element elementor-element-1ff5709 elementor-widget elementor-widget-text-editor\" data-id=\"1ff5709\" data-element_type=\"widget\" data-e-type=\"widget\" data-widget_type=\"text-editor.default\">\n\t\t\t\t<div class=\"elementor-widget-container\">\n\t\t\t\t\t\t\t\t\t<p>Vi har \u00e4ven bred kompetens inom ett flertal andra omr\u00e5den s\u00e5som bemanning, bygg, transport m.m.<\/p><p>V\u00e5r m\u00e5ls\u00e4ttning att utf\u00f6ra uppdrag som kunden blir n\u00f6jd med och som f\u00f6retaget kan k\u00e4nna stolthet \u00f6ver.<\/p><p>Kontakta oss vid fr\u00e5gor eller f\u00f6r f\u00f6rfr\u00e5gningar.<\/p>\t\t\t\t\t\t\t\t<\/div>\n\t\t\t\t<\/div>\n\t\t\t\t<div class=\"elementor-element elementor-element-f98188e elementor-align-center elementor-widget elementor-widget-button\" data-id=\"f98188e\" data-element_type=\"widget\" data-e-type=\"widget\" data-widget_type=\"button.default\">\n\t\t\t\t<div class=\"elementor-widget-container\">\n\t\t\t\t\t\t\t\t\t<div class=\"elementor-button-wrapper\">\n\t\t\t\t\t<a class=\"elementor-button elementor-button-link elementor-size-sm\" href=\"https:\/\/dev.idealis.nu\/ocwp1\/kontakt\/\">\n\t\t\t\t\t\t<span class=\"elementor-button-content-wrapper\">\n\t\t\t\t\t\t\t\t\t<span class=\"elementor-button-text\">Kontakta oss<\/span>\n\t\t\t\t\t<\/span>\n\t\t\t\t\t<\/a>\n\t\t\t\t<\/div>\n\t\t\t\t\t\t\t\t<\/div>\n\t\t\t\t<\/div>\n\t\t\t\t\t<\/div>\n\t\t<\/div>\n\t\t\t\t\t<\/div>\n\t\t<\/section>\n\t\t\t\t<section class=\"elementor-section elementor-top-section elementor-element elementor-element-190fade9 elementor-section-boxed elementor-section-height-default elementor-section-height-default\" data-id=\"190fade9\" data-element_type=\"section\" data-e-type=\"section\">\n\t\t\t\t\t\t<div class=\"elementor-container elementor-column-gap-default\">\n\t\t\t\t\t<div class=\"elementor-column elementor-col-100 elementor-top-column elementor-element elementor-element-30a7cec0\" data-id=\"30a7cec0\" data-element_type=\"column\" data-e-type=\"column\">\n\t\t\t<div class=\"elementor-widget-wrap elementor-element-populated\">\n\t\t\t\t\t\t<section class=\"elementor-section elementor-inner-section elementor-element elementor-element-1c49a258 elementor-section-boxed elementor-section-height-default elementor-section-height-default\" data-id=\"1c49a258\" data-element_type=\"section\" data-e-type=\"section\">\n\t\t\t\t\t\t<div class=\"elementor-container elementor-column-gap-default\">\n\t\t\t\t\t<div class=\"elementor-column elementor-col-33 elementor-inner-column elementor-element elementor-element-3ff74e87\" data-id=\"3ff74e87\" data-element_type=\"column\" data-e-type=\"column\">\n\t\t\t<div class=\"elementor-widget-wrap\">\n\t\t\t\t\t\t\t<\/div>\n\t\t<\/div>\n\t\t\t\t<div class=\"elementor-column elementor-col-33 elementor-inner-column elementor-element elementor-element-34d5717f\" data-id=\"34d5717f\" data-element_type=\"column\" data-e-type=\"column\">\n\t\t\t<div class=\"elementor-widget-wrap elementor-element-populated\">\n\t\t\t\t\t\t<div class=\"elementor-element elementor-element-7e130d70 elementor-widget elementor-widget-heading\" data-id=\"7e130d70\" data-element_type=\"widget\" data-e-type=\"widget\" data-widget_type=\"heading.default\">\n\t\t\t\t<div class=\"elementor-widget-container\">\n\t\t\t\t\t<h1 class=\"elementor-heading-title elementor-size-default\">\u00d6vriga tj\u00e4nster<\/h1>\t\t\t\t<\/div>\n\t\t\t\t<\/div>\n\t\t\t\t\t<\/div>\n\t\t<\/div>\n\t\t\t\t<div class=\"elementor-column elementor-col-33 elementor-inner-column elementor-element elementor-element-3684f3a6\" data-id=\"3684f3a6\" data-element_type=\"column\" data-e-type=\"column\">\n\t\t\t<div class=\"elementor-widget-wrap\">\n\t\t\t\t\t\t\t<\/div>\n\t\t<\/div>\n\t\t\t\t\t<\/div>\n\t\t<\/section>\n\t\t\t\t<section class=\"elementor-section elementor-inner-section elementor-element elementor-element-743dd621 elementor-section-boxed elementor-section-height-default elementor-section-height-default\" data-id=\"743dd621\" data-element_type=\"section\" data-e-type=\"section\">\n\t\t\t\t\t\t<div class=\"elementor-container elementor-column-gap-default\">\n\t\t\t\t\t<div class=\"elementor-column elementor-col-50 elementor-inner-column elementor-element elementor-element-1d038b74\" data-id=\"1d038b74\" data-element_type=\"column\" data-e-type=\"column\">\n\t\t\t<div class=\"elementor-widget-wrap elementor-element-populated\">\n\t\t\t\t\t\t<div class=\"elementor-element elementor-element-2ece574f elementor-position-top elementor-invisible elementor-widget elementor-widget-image-box\" data-id=\"2ece574f\" data-element_type=\"widget\" data-e-type=\"widget\" data-settings=\"{&quot;_animation&quot;:&quot;fadeIn&quot;}\" data-widget_type=\"image-box.default\">\n\t\t\t\t<div class=\"elementor-widget-container\">\n\t\t\t\t\t<div class=\"elementor-image-box-wrapper\"><figure class=\"elementor-image-box-img\"><img fetchpriority=\"high\" decoding=\"async\" width=\"682\" height=\"692\" src=\"https:\/\/dev.idealis.nu\/ocwp1\/wp-content\/uploads\/2022\/06\/pixabay-house-2492054_1280.png\" class=\"attachment-full size-full wp-image-875\" alt=\"\" srcset=\"https:\/\/dev.idealis.nu\/ocwp1\/wp-content\/uploads\/2022\/06\/pixabay-house-2492054_1280.png 682w, https:\/\/dev.idealis.nu\/ocwp1\/wp-content\/uploads\/2022\/06\/pixabay-house-2492054_1280-296x300.png 296w\" sizes=\"(max-width: 682px) 100vw, 682px\" \/><\/figure><div class=\"elementor-image-box-content\"><h3 class=\"elementor-image-box-title\">Fastighetsf\u00f6rvaltning<\/h3><p class=\"elementor-image-box-description\">Vi f\u00f6rvaltar fastigheter av alla slag.  H\u00f6r av dig f\u00f6r mer inormation<\/p><\/div><\/div>\t\t\t\t<\/div>\n\t\t\t\t<\/div>\n\t\t\t\t\t<\/div>\n\t\t<\/div>\n\t\t\t\t<div class=\"elementor-column elementor-col-50 elementor-inner-column elementor-element elementor-element-76a1da88\" data-id=\"76a1da88\" data-element_type=\"column\" data-e-type=\"column\">\n\t\t\t<div class=\"elementor-widget-wrap elementor-element-populated\">\n\t\t\t\t\t\t<div class=\"elementor-element elementor-element-2fd73488 elementor-position-top elementor-invisible elementor-widget elementor-widget-image-box\" data-id=\"2fd73488\" data-element_type=\"widget\" data-e-type=\"widget\" data-settings=\"{&quot;_animation&quot;:&quot;fadeIn&quot;}\" data-widget_type=\"image-box.default\">\n\t\t\t\t<div class=\"elementor-widget-container\">\n\t\t\t\t\t<div class=\"elementor-image-box-wrapper\"><figure class=\"elementor-image-box-img\"><img decoding=\"async\" width=\"673\" height=\"800\" src=\"https:\/\/dev.idealis.nu\/ocwp1\/wp-content\/uploads\/2022\/06\/pixabay-people-309068_1280.png\" class=\"attachment-full size-full wp-image-876\" alt=\"\" srcset=\"https:\/\/dev.idealis.nu\/ocwp1\/wp-content\/uploads\/2022\/06\/pixabay-people-309068_1280.png 673w, https:\/\/dev.idealis.nu\/ocwp1\/wp-content\/uploads\/2022\/06\/pixabay-people-309068_1280-252x300.png 252w\" sizes=\"(max-width: 673px) 100vw, 673px\" \/><\/figure><div class=\"elementor-image-box-content\"><h3 class=\"elementor-image-box-title\">PERSONALUTHYRNING<\/h3><p class=\"elementor-image-box-description\">Vi hyr ut personal f\u00f6r olika \u00e4ndam\u00e5l. H\u00f6r av dig f\u00f6r mer inormation<\/p><\/div><\/div>\t\t\t\t<\/div>\n\t\t\t\t<\/div>\n\t\t\t\t\t<\/div>\n\t\t<\/div>\n\t\t\t\t\t<\/div>\n\t\t<\/section>\n\t\t\t\t<section class=\"elementor-section elementor-inner-section elementor-element elementor-element-316f9061 elementor-section-boxed elementor-section-height-default elementor-section-height-default\" data-id=\"316f9061\" data-element_type=\"section\" data-e-type=\"section\">\n\t\t\t\t\t\t<div class=\"elementor-container elementor-column-gap-default\">\n\t\t\t\t\t<div class=\"elementor-column elementor-col-33 elementor-inner-column elementor-element elementor-element-5b642cd9\" data-id=\"5b642cd9\" data-element_type=\"column\" data-e-type=\"column\">\n\t\t\t<div class=\"elementor-widget-wrap elementor-element-populated\">\n\t\t\t\t\t\t<div class=\"elementor-element elementor-element-24b1ad3c elementor-position-top elementor-invisible elementor-widget elementor-widget-image-box\" data-id=\"24b1ad3c\" data-element_type=\"widget\" data-e-type=\"widget\" data-settings=\"{&quot;_animation&quot;:&quot;fadeIn&quot;}\" data-widget_type=\"image-box.default\">\n\t\t\t\t<div class=\"elementor-widget-container\">\n\t\t\t\t\t<div class=\"elementor-image-box-wrapper\"><figure class=\"elementor-image-box-img\"><img decoding=\"async\" width=\"800\" height=\"763\" src=\"https:\/\/dev.idealis.nu\/ocwp1\/wp-content\/uploads\/2022\/06\/pixabay-tool-308841_800.png\" class=\"attachment-full size-full wp-image-883\" alt=\"\" srcset=\"https:\/\/dev.idealis.nu\/ocwp1\/wp-content\/uploads\/2022\/06\/pixabay-tool-308841_800.png 800w, https:\/\/dev.idealis.nu\/ocwp1\/wp-content\/uploads\/2022\/06\/pixabay-tool-308841_800-300x286.png 300w, https:\/\/dev.idealis.nu\/ocwp1\/wp-content\/uploads\/2022\/06\/pixabay-tool-308841_800-768x732.png 768w\" sizes=\"(max-width: 800px) 100vw, 800px\" \/><\/figure><div class=\"elementor-image-box-content\"><h3 class=\"elementor-image-box-title\"><div data-pm-slice=\"1 1 [&quot;ul&quot;,null,&quot;li&quot;,null]\" data-en-clipboard=\"true\"><span style=\"font-size: 18px\">Bygg och renovering<\/span><\/div><\/h3><p class=\"elementor-image-box-description\">Vi erbjuder byggtj\u00e4nster.  H\u00f6r av dig f\u00f6r mer information<\/p><\/div><\/div>\t\t\t\t<\/div>\n\t\t\t\t<\/div>\n\t\t\t\t\t<\/div>\n\t\t<\/div>\n\t\t\t\t<div class=\"elementor-column elementor-col-33 elementor-inner-column elementor-element elementor-element-5cf34cd2\" data-id=\"5cf34cd2\" data-element_type=\"column\" data-e-type=\"column\">\n\t\t\t<div class=\"elementor-widget-wrap elementor-element-populated\">\n\t\t\t\t\t\t<div class=\"elementor-element elementor-element-6f47a4eb elementor-position-top elementor-invisible elementor-widget elementor-widget-image-box\" data-id=\"6f47a4eb\" data-element_type=\"widget\" data-e-type=\"widget\" data-settings=\"{&quot;_animation&quot;:&quot;fadeIn&quot;}\" data-widget_type=\"image-box.default\">\n\t\t\t\t<div class=\"elementor-widget-container\">\n\t\t\t\t\t<div class=\"elementor-image-box-wrapper\"><figure class=\"elementor-image-box-img\"><img loading=\"lazy\" decoding=\"async\" width=\"800\" height=\"800\" src=\"https:\/\/dev.idealis.nu\/ocwp1\/wp-content\/uploads\/2022\/06\/pixabay-truck-39103_800-v3.png\" class=\"attachment-full size-full wp-image-892\" alt=\"\" srcset=\"https:\/\/dev.idealis.nu\/ocwp1\/wp-content\/uploads\/2022\/06\/pixabay-truck-39103_800-v3.png 800w, https:\/\/dev.idealis.nu\/ocwp1\/wp-content\/uploads\/2022\/06\/pixabay-truck-39103_800-v3-300x300.png 300w, https:\/\/dev.idealis.nu\/ocwp1\/wp-content\/uploads\/2022\/06\/pixabay-truck-39103_800-v3-150x150.png 150w, https:\/\/dev.idealis.nu\/ocwp1\/wp-content\/uploads\/2022\/06\/pixabay-truck-39103_800-v3-768x768.png 768w, https:\/\/dev.idealis.nu\/ocwp1\/wp-content\/uploads\/2022\/06\/pixabay-truck-39103_800-v3-600x600.png 600w\" sizes=\"(max-width: 800px) 100vw, 800px\" \/><\/figure><div class=\"elementor-image-box-content\"><h3 class=\"elementor-image-box-title\"><div data-pm-slice=\"1 1 [&quot;ul&quot;,null,&quot;li&quot;,{&quot;style&quot;:null,&quot;checked&quot;:null,&quot;value&quot;:null,&quot;displayValue&quot;:null,&quot;backgroundColor&quot;:null,&quot;color&quot;:null,&quot;listStyleType&quot;:null}]\" data-en-clipboard=\"true\"><span style=\"font-size: 18px\">Transportverksamhet<\/span><\/div><\/h3><p class=\"elementor-image-box-description\">Vi erbjuder olika transporttj\u00e4nster. H\u00f6r av dig f\u00f6r mer information<\/p><\/div><\/div>\t\t\t\t<\/div>\n\t\t\t\t<\/div>\n\t\t\t\t\t<\/div>\n\t\t<\/div>\n\t\t\t\t<div class=\"elementor-column elementor-col-33 elementor-inner-column elementor-element elementor-element-79920140\" data-id=\"79920140\" data-element_type=\"column\" data-e-type=\"column\">\n\t\t\t<div class=\"elementor-widget-wrap elementor-element-populated\">\n\t\t\t\t\t\t<div class=\"elementor-element elementor-element-2e4418d6 elementor-position-top elementor-invisible elementor-widget elementor-widget-image-box\" data-id=\"2e4418d6\" data-element_type=\"widget\" data-e-type=\"widget\" data-settings=\"{&quot;_animation&quot;:&quot;fadeIn&quot;}\" data-widget_type=\"image-box.default\">\n\t\t\t\t<div class=\"elementor-widget-container\">\n\t\t\t\t\t<div class=\"elementor-image-box-wrapper\"><figure class=\"elementor-image-box-img\"><img loading=\"lazy\" decoding=\"async\" width=\"700\" height=\"758\" src=\"https:\/\/dev.idealis.nu\/ocwp1\/wp-content\/uploads\/2022\/06\/pixabay-box-1299001_800-v3.png\" class=\"attachment-full size-full wp-image-885\" alt=\"\" srcset=\"https:\/\/dev.idealis.nu\/ocwp1\/wp-content\/uploads\/2022\/06\/pixabay-box-1299001_800-v3.png 700w, https:\/\/dev.idealis.nu\/ocwp1\/wp-content\/uploads\/2022\/06\/pixabay-box-1299001_800-v3-277x300.png 277w\" sizes=\"(max-width: 700px) 100vw, 700px\" \/><\/figure><div class=\"elementor-image-box-content\"><h3 class=\"elementor-image-box-title\"><div data-pm-slice=\"1 1 [&quot;ul&quot;,null,&quot;li&quot;,{&quot;style&quot;:null,&quot;checked&quot;:null,&quot;value&quot;:null,&quot;displayValue&quot;:null,&quot;backgroundColor&quot;:null,&quot;color&quot;:null,&quot;listStyleType&quot;:null}]\" data-en-clipboard=\"true\"><span style=\"font-size: 18px\">f\u00f6rvaltNING AV egendom<\/span><\/div><\/h3><p class=\"elementor-image-box-description\">Vi f\u00f6rvaltar l\u00f6s och fast egendom. H\u00f6r av dig f\u00f6r mer information<\/p><\/div><\/div>\t\t\t\t<\/div>\n\t\t\t\t<\/div>\n\t\t\t\t\t<\/div>\n\t\t<\/div>\n\t\t\t\t\t<\/div>\n\t\t<\/section>\n\t\t\t\t\t<\/div>\n\t\t<\/div>\n\t\t\t\t\t<\/div>\n\t\t<\/section>\n\t\t\t\t<section class=\"elementor-section elementor-top-section elementor-element elementor-element-7f46cfc elementor-section-boxed elementor-section-height-default elementor-section-height-default\" data-id=\"7f46cfc\" data-element_type=\"section\" data-e-type=\"section\">\n\t\t\t\t\t\t<div class=\"elementor-container elementor-column-gap-default\">\n\t\t\t\t\t<div class=\"elementor-column elementor-col-100 elementor-top-column elementor-element elementor-element-1153fd8\" data-id=\"1153fd8\" data-element_type=\"column\" data-e-type=\"column\">\n\t\t\t<div class=\"elementor-widget-wrap elementor-element-populated\">\n\t\t\t\t\t\t<div class=\"elementor-element elementor-element-875cd26 elementor-align-center elementor-widget elementor-widget-button\" data-id=\"875cd26\" data-element_type=\"widget\" data-e-type=\"widget\" data-widget_type=\"button.default\">\n\t\t\t\t<div class=\"elementor-widget-container\">\n\t\t\t\t\t\t\t\t\t<div class=\"elementor-button-wrapper\">\n\t\t\t\t\t<a class=\"elementor-button elementor-button-link elementor-size-sm\" href=\"https:\/\/dev.idealis.nu\/ocwp1\/kontakt\/\">\n\t\t\t\t\t\t<span class=\"elementor-button-content-wrapper\">\n\t\t\t\t\t\t\t\t\t<span class=\"elementor-button-text\">Kontakta oss<\/span>\n\t\t\t\t\t<\/span>\n\t\t\t\t\t<\/a>\n\t\t\t\t<\/div>\n\t\t\t\t\t\t\t\t<\/div>\n\t\t\t\t<\/div>\n\t\t\t\t\t<\/div>\n\t\t<\/div>\n\t\t\t\t\t<\/div>\n\t\t<\/section>\n\t\t\t\t<\/div>\n\t\t","protected":false},"excerpt":{"rendered":"<p>Vi har \u00e4ven bred kompetens inom ett flertal andra omr\u00e5den s\u00e5som bemanning, bygg, transport m.m. V\u00e5r m\u00e5ls\u00e4ttning att utf\u00f6ra uppdrag som kunden blir n\u00f6jd med och som f\u00f6retaget kan k\u00e4nna stolthet \u00f6ver. Kontakta oss vid fr\u00e5gor eller f\u00f6r f\u00f6rfr\u00e5gningar. Kontakta oss \u00d6vriga tj\u00e4nster Fastighetsf\u00f6rvaltning Vi f\u00f6rvaltar fastigheter av alla slag. H\u00f6r av dig f\u00f6r mer [&hellip;]<\/p>\n","protected":false},"author":1,"featured_media":0,"parent":0,"menu_order":0,"comment_status":"closed","ping_status":"closed","template":"","meta":{"ocean_post_layout":"full-width","ocean_both_sidebars_style":"","ocean_both_sidebars_content_width":0,"ocean_both_sidebars_sidebars_width":0,"ocean_sidebar":"0","ocean_second_sidebar":"0","ocean_disable_margins":"enable","ocean_add_body_class":"","ocean_shortcode_before_top_bar":"","ocean_shortcode_after_top_bar":"","ocean_shortcode_before_header":"","ocean_shortcode_after_header":"","ocean_has_shortcode":"","ocean_shortcode_after_title":"","ocean_shortcode_before_footer_widgets":"","ocean_shortcode_after_footer_widgets":"","ocean_shortcode_before_footer_bottom":"","ocean_shortcode_after_footer_bottom":"","ocean_display_top_bar":"default","ocean_display_header":"default","ocean_header_style":"","ocean_center_header_left_menu":"0","ocean_custom_header_template":"0","ocean_custom_logo":0,"ocean_custom_retina_logo":0,"ocean_custom_logo_max_width":0,"ocean_custom_logo_tablet_max_width":0,"ocean_custom_logo_mobile_max_width":0,"ocean_custom_logo_max_height":0,"ocean_custom_logo_tablet_max_height":0,"ocean_custom_logo_mobile_max_height":0,"ocean_header_custom_menu":"0","ocean_menu_typo_font_family":"0","ocean_menu_typo_font_subset":"","ocean_menu_typo_font_size":0,"ocean_menu_typo_font_size_tablet":0,"ocean_menu_typo_font_size_mobile":0,"ocean_menu_typo_font_size_unit":"px","ocean_menu_typo_font_weight":"","ocean_menu_typo_font_weight_tablet":"","ocean_menu_typo_font_weight_mobile":"","ocean_menu_typo_transform":"","ocean_menu_typo_transform_tablet":"","ocean_menu_typo_transform_mobile":"","ocean_menu_typo_line_height":0,"ocean_menu_typo_line_height_tablet":0,"ocean_menu_typo_line_height_mobile":0,"ocean_menu_typo_line_height_unit":"","ocean_menu_typo_spacing":0,"ocean_menu_typo_spacing_tablet":0,"ocean_menu_typo_spacing_mobile":0,"ocean_menu_typo_spacing_unit":"","ocean_menu_link_color":"","ocean_menu_link_color_hover":"","ocean_menu_link_color_active":"","ocean_menu_link_background":"","ocean_menu_link_hover_background":"","ocean_menu_link_active_background":"","ocean_menu_social_links_bg":"","ocean_menu_social_hover_links_bg":"","ocean_menu_social_links_color":"","ocean_menu_social_hover_links_color":"","ocean_disable_title":"default","ocean_disable_heading":"default","ocean_post_title":"","ocean_post_subheading":"L\u00e4s mer om v\u00e5ra \u00f6vriga tj\u00e4nster","ocean_post_title_style":"background-image","ocean_post_title_background_color":"","ocean_post_title_background":723,"ocean_post_title_bg_image_position":"center center","ocean_post_title_bg_image_attachment":"","ocean_post_title_bg_image_repeat":"","ocean_post_title_bg_image_size":"","ocean_post_title_height":0,"ocean_post_title_bg_overlay":0.5,"ocean_post_title_bg_overlay_color":"","ocean_disable_breadcrumbs":"default","ocean_breadcrumbs_color":"","ocean_breadcrumbs_separator_color":"","ocean_breadcrumbs_links_color":"","ocean_breadcrumbs_links_hover_color":"","ocean_display_footer_widgets":"default","ocean_display_footer_bottom":"default","ocean_custom_footer_template":"0","footnotes":""},"class_list":["post-168","page","type-page","status-publish","hentry","entry"],"_links":{"self":[{"href":"https:\/\/dev.idealis.nu\/ocwp1\/wp-json\/wp\/v2\/pages\/168","targetHints":{"allow":["GET"]}}],"collection":[{"href":"https:\/\/dev.idealis.nu\/ocwp1\/wp-json\/wp\/v2\/pages"}],"about":[{"href":"https:\/\/dev.idealis.nu\/ocwp1\/wp-json\/wp\/v2\/types\/page"}],"author":[{"embeddable":true,"href":"https:\/\/dev.idealis.nu\/ocwp1\/wp-json\/wp\/v2\/users\/1"}],"replies":[{"embeddable":true,"href":"https:\/\/dev.idealis.nu\/ocwp1\/wp-json\/wp\/v2\/comments?post=168"}],"version-history":[{"count":29,"href":"https:\/\/dev.idealis.nu\/ocwp1\/wp-json\/wp\/v2\/pages\/168\/revisions"}],"predecessor-version":[{"id":924,"href":"https:\/\/dev.idealis.nu\/ocwp1\/wp-json\/wp\/v2\/pages\/168\/revisions\/924"}],"wp:attachment":[{"href":"https:\/\/dev.idealis.nu\/ocwp1\/wp-json\/wp\/v2\/media?parent=168"}],"curies":[{"name":"wp","href":"https:\/\/api.w.org\/{rel}","templated":true}]}}